{"id":1715,"date":"2024-08-20T09:51:37","date_gmt":"2024-08-20T12:51:37","guid":{"rendered":"https:\/\/anead.org.br\/congresso-das-associacoes-2024\/?page_id=1715"},"modified":"2024-11-14T11:46:50","modified_gmt":"2024-11-14T14:46:50","slug":"home-copy","status":"publish","type":"page","link":"https:\/\/anead.org.br\/congresso-das-associacoes-2024\/","title":{"rendered":"C\u00f3pia de Home"},"content":{"rendered":"\n\n\t\t\t<h1>\n\t\t\t\t\tCONGRESSO\n\t\t\t\t<\/h1>\n\t\t\t<h1>\n\t\t\t\t\tDAS ASSOCIA\u00c7\u00d5ES DE ATEN\u00c7\u00c3O DOMICILIAR\n\t\t\t\t<\/h1>\n\t\t\t<h1>\n\t\t\t\t\tE TRANSI\u00c7\u00c3O DE CUIDADOS\n\t\t\t\t<\/h1>\n\t\t\t\t<img fetchpriority=\"high\" decoding=\"async\" src=\"https:\/\/anead.org.br\/congresso-das-associacoes-2024\/wp-content\/uploads\/2024\/08\/associacoes-congresso.png\" alt=\"associacoes-congresso\" itemprop=\"image\" height=\"244\" width=\"550\" title=\"associacoes-congresso\" onerror=\"this.style.display='none'\"  \/>\n\t<strong>Tema Central: Integra\u00e7\u00e3o Essencial de Cuidados P\u00f3s-Alta:<br \/>\nAten\u00e7\u00e3o Domiciliar, Transi\u00e7\u00e3o de Cuidados e Assist\u00eancia Multidisciplinar<\/strong>\n\t\t\t<a href=\"https:\/\/www.sympla.com.br\/congresso-integrado-de-atencao-domiciliar-e-transicao-de-cuidados__2647407\" target=\"_self\">\n\t\t\t\t\t\tINSCREVA-SE\n\t\t\t\t\t<\/a>\n\t\t\t<h2>\n\t\t\t\t\tData e Local\n\t\t\t\t<\/h2>\n\t18 e 19<br \/>\nDe Novembro De 2024\n\tDia 18 das 8h \u00e0s 19h20<br \/>\nDia 19 das 8h \u00e0s 19h20\n\tHotel Renaissance<br \/>\nAlameda Santos, 2233<br \/>\nJardim Paulista, S\u00e3o Paulo &#8211; SP.\n\t<iframe src=\"https:\/\/www.google.com\/maps\/embed?pb=!1m18!1m12!1m3!1d3657.2655971811105!2d-46.66453062466984!3d-23.558902678801523!2m3!1f0!2f0!3f0!3m2!1i1024!2i768!4f13.1!3m3!1m2!1s0x94ce59c89e6dca17%3A0xb62609d26a3a7180!2sRenaissance%20S%C3%A3o%20Paulo%20Hotel!5e0!3m2!1spt-BR!2sbr!4v1725059723919!5m2!1spt-BR!2sbr\" width=\"100%\" height=\"400\" allowfullscreen=\"\" loading=\"lazy\" referrerpolicy=\"no-referrer-when-downgrade\"><\/iframe>\n\t\t\t<h2>\n\t\t\t\t\tPalestrantes\n\t\t\t\t<\/h2>\n\t\t\t\t<img decoding=\"async\" src=\"https:\/\/anead.org.br\/congresso-das-associacoes-2024\/wp-content\/uploads\/2024\/10\/Foto-Ana-Claudia-Arantes--150x150.jpg\" alt=\"Foto - Ana Claudia Arantes\" itemprop=\"image\" height=\"150\" width=\"150\" title=\"Foto - Ana Claudia Arantes\" onerror=\"this.style.display='none'\"  \/>\n\t<p><strong>Ana Cl\u00e1udia Quintana Arantes<\/strong><\/p>\n<p>M\u00e9dica geriatra p\u00f3s-graduada em psicologia,escritora,S\u00f3cia-fundadora da Associa\u00e7\u00e3o Casa do Cuidar, e fundadora da Casa Humana.<\/p>\n\t\t\t\t<img decoding=\"async\" src=\"https:\/\/anead.org.br\/congresso-das-associacoes-2024\/wp-content\/uploads\/2024\/11\/Alfredo-Cardoso-150x150.jpg\" alt=\"Alfredo Cardoso\" itemprop=\"image\" height=\"150\" width=\"150\" title=\"Alfredo Cardoso\" onerror=\"this.style.display='none'\"  \/>\n\t<strong>Alfredo Cardoso<br \/>\n<\/strong>\n<p>M\u00e9dico assistente e intensivista e CEO e Fundador do Grupo VALSA SA\u00daDE e Helser Sa\u00fade vertical de sa\u00fade da Lorinvest.<\/p>\n\t\t\t\t<img loading=\"lazy\" decoding=\"async\" src=\"https:\/\/anead.org.br\/congresso-das-associacoes-2024\/wp-content\/uploads\/2024\/11\/Amanda_UNIDAS-150x150.jpg\" alt=\"Amanda_UNIDAS\" itemprop=\"image\" height=\"150\" width=\"150\" title=\"Amanda_UNIDAS\" onerror=\"this.style.display='none'\"  \/>\n\t<strong>Amanda Bassan<br \/>\n<\/strong>\n<p>Gerente Executiva na UNIDAS.<\/p>\n\t\t\t\t<img loading=\"lazy\" decoding=\"async\" src=\"https:\/\/anead.org.br\/congresso-das-associacoes-2024\/wp-content\/uploads\/2024\/11\/Ariane-Mutti-150x150.png\" alt=\"Ariane Mutti\" itemprop=\"image\" height=\"150\" width=\"150\" title=\"Ariane Mutti\" onerror=\"this.style.display='none'\"  \/>\n\t<strong>Ariane Mutti<br \/>\n<\/strong>\n<p>Gerente M\u00e9dica Nacional da \u00e1rea de Cuidados Transicionais &#8211; Home care na Amil.<\/p>\n\t\t\t\t<img loading=\"lazy\" decoding=\"async\" src=\"https:\/\/anead.org.br\/congresso-das-associacoes-2024\/wp-content\/uploads\/2024\/10\/Carlos-Uchoa-150x150.jpeg\" alt=\"Carlos Uchoa\" itemprop=\"image\" height=\"150\" width=\"150\" title=\"Carlos Uchoa\" onerror=\"this.style.display='none'\"  \/>\n\t<strong> Carlos Uchoa<br \/>\n<\/strong>\n<p>Clinical Supervisor Sleep &amp; Respiratory Care &#8211; PHILIPS;\u00a0Doutor em Ci\u00eancias pela faculdade de medicina da USP;\u00a0Resid\u00eancia Multiprofissional em Cardiologia pela UNIFESP;\u00a0Fisioterapeuta pelo centro universit\u00e1rio do Par\u00e1 &#8211; CESUPA.<\/p>\n\t\t\t\t<img loading=\"lazy\" decoding=\"async\" src=\"https:\/\/anead.org.br\/congresso-das-associacoes-2024\/wp-content\/uploads\/2024\/10\/Carolina-Gerk-150x150.png\" alt=\"Carolina Gerk\" itemprop=\"image\" height=\"150\" width=\"150\" title=\"Carolina Gerk\" onerror=\"this.style.display='none'\"  \/>\n\t<p><strong>Ana Carolina Gerk<\/strong><\/p>\n<p>Gerente M\u00e9dica e de Qualidade da Aten\u00e7\u00e3o Domiciliar do grupo Opalus;\u200b Resid\u00eancia em Cl\u00ednica M\u00e9dica pelo Hospital da Lagoa;\u200b Resid\u00eancia em Cardiologia pelo INCL;\u200b Especialista em Cuidado Paliativos pelo H. Albert Einstein.\u200b<\/p>\n\t\t\t\t<img loading=\"lazy\" decoding=\"async\" src=\"https:\/\/anead.org.br\/congresso-das-associacoes-2024\/wp-content\/uploads\/2024\/11\/Cristiane-Rizzato-150x150.jpg\" alt=\"Cristiane Rizzato\" itemprop=\"image\" height=\"150\" width=\"150\" title=\"Cristiane Rizzato\" onerror=\"this.style.display='none'\"  \/>\n\t<strong>Cristiane Rizatto<br \/>\n<\/strong>\n<p>Fisioterapeuta; Especializada em Doen\u00e7as Neuromusculares; Gestora Cl\u00ednica na Gaslive.<\/p>\n\t\t\t\t<img loading=\"lazy\" decoding=\"async\" src=\"https:\/\/anead.org.br\/congresso-das-associacoes-2024\/wp-content\/uploads\/2024\/10\/Debora-Carvalho-150x150.jpg\" alt=\"D\u00e9bora Carvalho\" itemprop=\"image\" height=\"150\" width=\"150\" title=\"D\u00e9bora Carvalho\" onerror=\"this.style.display='none'\"  \/>\n\t<strong>D\u00e9bora Bachin Carvalho<br \/>\n<\/strong>\n<p>Fisioterapeuta; Especialista em Neuropediatria e Neurologia Hospitalar e Ambulatorial; Docente da Universidade Nove de Julho (UNINOVE) e no Programa de P\u00f3s-gradua\u00e7\u00e3o latu sensu &#8211; IBRAESP; Coordenadora do Curso de Especializa\u00e7\u00e3o em Fisioterapia Neurofuncional da USCS; Membro da Academia Brasileira de Neurologia (ABN).<\/p>\n\t\t\t\t<img loading=\"lazy\" decoding=\"async\" src=\"https:\/\/anead.org.br\/congresso-das-associacoes-2024\/wp-content\/uploads\/2024\/10\/Fabiola-Melo-150x150.jpg\" alt=\"Fabiola Melo\" itemprop=\"image\" height=\"150\" width=\"150\" title=\"Fabiola Melo\" onerror=\"this.style.display='none'\"  \/>\n\t<p><strong>Fabiola Mazzulli de Melo<\/strong><\/p>\n<p>M\u00e9dica graduada; Especializada em Clinica M\u00e9dica pela Associa\u00e7\u00e3o M\u00e9dica Brasileira (AMB) e Sociedade Brasileira de Cl\u00ednica M\u00e9dica (SBCM); P\u00f3s-graduada em Geriatria e Gerontologia; S\u00f3cia-fundadora e Diretora Cl\u00ednica da Cl\u00ednica S\u00e3o Genaro.<\/p>\n<p>&nbsp;<\/p>\n\t\t\t\t<img loading=\"lazy\" decoding=\"async\" src=\"https:\/\/anead.org.br\/congresso-das-associacoes-2024\/wp-content\/uploads\/2024\/11\/Felipe-B-M-Ferraz-150x150.jpg\" alt=\"Felipe B M Ferraz\" itemprop=\"image\" height=\"150\" width=\"150\" title=\"Felipe B M Ferraz\" onerror=\"this.style.display='none'\"  \/>\n\t<p><b>Felipe Ferraz<\/b><\/p>\n<p>Diretor Geral do Grupo Opalus e l\u00edder em cuidados de transi\u00e7\u00e3o<\/p>\n\t\t\t\t<img loading=\"lazy\" decoding=\"async\" src=\"https:\/\/anead.org.br\/congresso-das-associacoes-2024\/wp-content\/uploads\/2024\/10\/Felipe-Vecchi-150x150.jpg\" alt=\"Felipe Vecchi\" itemprop=\"image\" height=\"150\" width=\"150\" title=\"Felipe Vecchi\" onerror=\"this.style.display='none'\"  \/>\n\t<p><strong>Felipe Vecchi Moreira<\/strong><\/p>\n<p>M\u00e9dico Geriatra; Diretor M\u00e9dico e de Opera\u00e7\u00f5es da BSL Sa\u00fade; M\u00e9dico assistente e supervisor do IAMSPE e membro da Diretoria da SBGG-SP.<\/p>\n\t\t\t\t<img loading=\"lazy\" decoding=\"async\" src=\"https:\/\/anead.org.br\/congresso-das-associacoes-2024\/wp-content\/uploads\/2024\/10\/Fernanda-Cardoso-150x150.jpg\" alt=\"Fernanda Cardoso\" itemprop=\"image\" height=\"150\" width=\"150\" title=\"Fernanda Cardoso\" onerror=\"this.style.display='none'\"  \/>\n\t<p><strong>Fernanda Cardoso<\/strong><\/p>\n<p>Fisioterapeuta; P\u00f3s graduada em Fisioterapia Cardiorrespirat\u00f3ria e Pneumofuncional; Coordenadora de equipe multidisciplinar na Rede Altana.<\/p>\n\t\t\t\t<img loading=\"lazy\" decoding=\"async\" src=\"https:\/\/anead.org.br\/congresso-das-associacoes-2024\/wp-content\/uploads\/2024\/11\/Flavio-Oliveira-150x150.jpg\" alt=\"Flavio-Oliveira\" itemprop=\"image\" height=\"150\" width=\"150\" title=\"Flavio-Oliveira\" onerror=\"this.style.display='none'\"  \/>\n\t<p><strong>Fl\u00e1vio Oliveira<\/strong><\/p>\n<p>Diretor de Intelig\u00eancia de Neg\u00f3cio da SUNTOR; S\u00f3cio da Health Coast Consultoria; Membro da Associa\u00e7\u00e3o Brasileira de Hospitais e Cl\u00ednicas de Transi\u00e7\u00e3o (ABRAHCT).<\/p>\n\t\t\t\t<img loading=\"lazy\" decoding=\"async\" src=\"https:\/\/anead.org.br\/congresso-das-associacoes-2024\/wp-content\/uploads\/2024\/11\/Gisele-Couto-150x150.jpg\" alt=\"Gisele Couto\" itemprop=\"image\" height=\"150\" width=\"150\" title=\"Gisele Couto\" onerror=\"this.style.display='none'\"  \/>\n\t<p><strong>Gisele Couto<\/strong><\/p>\n<p>M\u00e9dica; Mestre em Sa\u00fade Coletiva; Diretora de Relacionamento Institucional e Qualidade da Rede Humana Magna de Transi\u00e7\u00e3o de Cuidados.<\/p>\n\t\t\t\t<img loading=\"lazy\" decoding=\"async\" src=\"https:\/\/anead.org.br\/congresso-das-associacoes-2024\/wp-content\/uploads\/2024\/11\/Hashilla-de-Cicco-150x150.jpg\" alt=\"Hashilla de Cicco\" itemprop=\"image\" height=\"150\" width=\"150\" title=\"Hashilla de Cicco\" onerror=\"this.style.display='none'\"  \/>\n\t<p><strong>Hashilla de Cicco<\/strong><\/p>\n<p>M\u00e9dica Ginecologista e Obstetra; Respons\u00e1vel pela auditoria m\u00e9dica e transi\u00e7\u00e3o de cuidados na Bradesco sa\u00fade. <\/p>\n\t\t\t\t<img loading=\"lazy\" decoding=\"async\" src=\"https:\/\/anead.org.br\/congresso-das-associacoes-2024\/wp-content\/uploads\/2024\/11\/Henrique-Salomao-150x150.jpg\" alt=\"Henrique Salom\u00e3o\" itemprop=\"image\" height=\"150\" width=\"150\" title=\"Henrique Salom\u00e3o\" onerror=\"this.style.display='none'\"  \/>\n\t<p><strong>Henrique Salom\u00e3o<\/strong><\/p>\n<p>Enfermeiro; Especialista em Terapia Intensiva; Desenvolvedor e Gestor da Health Due Diligence em Qualidade e Seguran\u00e7a.<\/p>\n\t\t\t\t<img loading=\"lazy\" decoding=\"async\" src=\"https:\/\/anead.org.br\/congresso-das-associacoes-2024\/wp-content\/uploads\/2024\/11\/Janini-Rosas-150x150.jpg\" alt=\"Janini Rosas\" itemprop=\"image\" height=\"150\" width=\"150\" title=\"Janini Rosas\" onerror=\"this.style.display='none'\"  \/>\n\t<p><strong>Janini Rosas<\/strong><\/p>\n<p>Cirurgi\u00e3-dentista,\u00a0\u00a0<\/p>\n<p>Mestre em gest\u00e3o de tecnologia e inova\u00e7\u00e3o em sa\u00fade (S\u00edrio Liban\u00eas)\u00a0<\/p>\n<p>Especialista em Gest\u00e3o de Servi\u00e7os de Sa\u00fade (ESP-CE)\u00a0<\/p>\n<p>Consultora em Gest\u00e3o da Qualidade e Acredita\u00e7\u00e3o de servi\u00e7os de sa\u00fade\u00a0<\/p>\n<p>Avaliadora l\u00edder ONA\/IBES.\u00a0<\/p>\n<p>Conteudista do curso de Seguran\u00e7a do Paciente em Odontologia da ANVISA.\u00a0\u00a0<\/p>\n<p>Coordenadora da Gradua\u00e7\u00e3o de Odontologia (Faculdade CECAPE).\u00a0<\/p>\n<p>Coordenadora do MBA em Seguran\u00e7a do Paciente (CEQUALE).\u00a0<\/p>\n<p>Membro do Conselho Cient\u00edfico e Coordenadora do GTT de Odontologia da SOBRASP\u00a0\u00a0<\/p>\n<p>Coordenadora da Sub se\u00e7\u00e3o Odontologia do Manual da ONA-2022<\/p>\n\t\t\t\t<img loading=\"lazy\" decoding=\"async\" src=\"https:\/\/anead.org.br\/congresso-das-associacoes-2024\/wp-content\/uploads\/2024\/10\/Juliana-Albuquerque-150x150.jpg\" alt=\"Juliana-Albuquerque\" itemprop=\"image\" height=\"150\" width=\"150\" title=\"Juliana-Albuquerque\" onerror=\"this.style.display='none'\"  \/>\n\t<p><strong>Juliana Albuquerque<\/strong><\/p>\n<p>Enfermeira formada pela UFMG com p\u00f3s gradua\u00e7\u00e3o em auditoria em sa\u00fade e cuidados paliativos pelo Hospital S\u00edrio Liban\u00eas. Mestre em cuidar em sa\u00fade pela UFMG. 14 anos de experi\u00eancia em gest\u00e3o de sa\u00fade. Apaixonada pela forma de cuidar da aten\u00e7\u00e3o prim\u00e1ria e dos cuidados paliativos. H\u00e1 6 anos \u00e9 Gerente de Sa\u00fade da Cemig Sa\u00fade.\u00a0<\/p>\n\t\t\t\t<img loading=\"lazy\" decoding=\"async\" src=\"https:\/\/anead.org.br\/congresso-das-associacoes-2024\/wp-content\/uploads\/2024\/10\/Kelvin-Kaiser-150x150.jpg\" alt=\"Kelvin Kaiser\" itemprop=\"image\" height=\"150\" width=\"150\" title=\"Kelvin Kaiser\" onerror=\"this.style.display='none'\"  \/>\n\t<p><strong>Kelvin Kaiser<\/strong><\/p>\n<p>CEO do Grupo Cene e diretor da ANEAD.<\/p>\n\t\t\t\t<img loading=\"lazy\" decoding=\"async\" src=\"https:\/\/anead.org.br\/congresso-das-associacoes-2024\/wp-content\/uploads\/2024\/11\/Loiane-Victoy-150x150.jpg\" alt=\"Loiane Victoy\" itemprop=\"image\" height=\"150\" width=\"150\" title=\"Loiane Victoy\" onerror=\"this.style.display='none'\"  \/>\n\t<p><strong>Loiane Victoy <\/strong><\/p>\n<p>M\u00e9dica geriatra e Membro titular da Sociedade Brasileira de Geriatria e Gerontologia; P\u00f3s graduada em Cuidados Paliativos pela Casa do Cuidar; MBA em Gest\u00e3o Executiva: Gest\u00e3o de Sa\u00fade; Conselheira no Conselho Regional de Medicina de Goi\u00e1s; Coordenadora M\u00e9dica na CaptaMed.<\/p>\n\t\t\t\t<img loading=\"lazy\" decoding=\"async\" src=\"https:\/\/anead.org.br\/congresso-das-associacoes-2024\/wp-content\/uploads\/2024\/11\/Luis-Claudio-Marrochi-150x150.jpg\" alt=\"Luis Claudio Marrochi\" itemprop=\"image\" height=\"150\" width=\"150\" title=\"Luis Claudio Marrochi\" onerror=\"this.style.display='none'\"  \/>\n\t<p><strong>Luis Claudio Marrochi<\/strong><\/p>\n<p>Chefe de Cl\u00ednica Adjunto do Departamento de Medicina da Irmandade de Santa Casa de Miseric\u00f3rdia de SP; Mestre em Sa\u00fade Coletiva; Especialista em Cl\u00ednica M\u00e9dica e Auditoria pela AMB; MBA em Gest\u00e3o de Projetos &#8211; FGV; S\u00f3cio GPC &#8211; Sa\u00fade; Diretor GoHosp.<\/p>\n\t\t\t\t<img loading=\"lazy\" decoding=\"async\" src=\"https:\/\/anead.org.br\/congresso-das-associacoes-2024\/wp-content\/uploads\/2024\/10\/Luiz-de-Luca-150x150.jpeg\" alt=\"Luiz de Luca\" itemprop=\"image\" height=\"150\" width=\"150\" title=\"Luiz de Luca\" onerror=\"this.style.display='none'\"  \/>\n\t<p><strong>Luiz de Lucca<\/strong><\/p>\n<p>Conselheiro de Empresas (Board of Directors) e de Advisor de Fundos de Private Equity para investimentos no Setor da Sa\u00fade.<\/p>\n\t\t\t\t<img loading=\"lazy\" decoding=\"async\" src=\"https:\/\/anead.org.br\/congresso-das-associacoes-2024\/wp-content\/uploads\/2024\/10\/Marcos-Aurelio-150x150.jpg\" alt=\"Marcos Aurelio\" itemprop=\"image\" height=\"150\" width=\"150\" title=\"Marcos Aurelio\" onerror=\"this.style.display='none'\"  \/>\n\t<p><strong>Marcos Aur\u00e9lio<\/strong><\/p>\n<p>M\u00e9dico; Cirurgi\u00e3o Geral; P\u00f3s graduado em administra\u00e7\u00e3o Hospitalar pela Unaerp; Diretor t\u00e9cnico do Hospital na Resid\u00eancia.<\/p>\n\t\t\t\t<img loading=\"lazy\" decoding=\"async\" src=\"https:\/\/anead.org.br\/congresso-das-associacoes-2024\/wp-content\/uploads\/2024\/11\/Maria-de-Mello-150x150.jpg\" alt=\"Maria de Mello\" itemprop=\"image\" height=\"150\" width=\"150\" title=\"Maria de Mello\" onerror=\"this.style.display='none'\"  \/>\n\t<p><strong>Maria de Mello<\/strong><\/p>\n<p>Pesquisadora e Consultora em Inova\u00e7\u00e3o, Inclus\u00e3o, Longevidade e Tecnologia; Vice Coordenadora do GT Inova\u00e7\u00e3o em Longevidade do Instituto de Estudos Avan\u00e7ados e Convergentes. <\/p>\n\t\t\t\t<img loading=\"lazy\" decoding=\"async\" src=\"https:\/\/anead.org.br\/congresso-das-associacoes-2024\/wp-content\/uploads\/2024\/11\/Paula-Meira-150x150.jpg\" alt=\"Paula Meira\" itemprop=\"image\" height=\"150\" width=\"150\" title=\"Paula Meira\" onerror=\"this.style.display='none'\"  \/>\n\t<p><strong>Paula Meira<\/strong><\/p>\n<p>S\u00f3cia fundadora e diretora-executiva da Interne Solu\u00e7\u00f5es em Sa\u00fade; Vice-presidente do Sindicado dos Hospitais de Pernambuco-Sindhospe; Diretora da Federa\u00e7\u00e3o Nacional dos Estabelecimentos de Servi\u00e7o em Sa\u00fade &#8211; Fenaesse.<\/p>\n\t\t\t\t<img loading=\"lazy\" decoding=\"async\" src=\"https:\/\/anead.org.br\/congresso-das-associacoes-2024\/wp-content\/uploads\/2024\/10\/Rafael-Soares-150x150.jpg\" alt=\"Rafael Soares\" itemprop=\"image\" height=\"150\" width=\"150\" title=\"Rafael Soares\" onerror=\"this.style.display='none'\"  \/>\n\t<p><strong>Rafael Soares<\/strong><\/p>\n<p>Graduado em Enfermagem; MBA em Gest\u00e3o em Sa\u00fade e Desenvolvimento Corporativo; Coordenador de longa perman\u00eancia &#8211; Home Care na Porto Seguro.<\/p>\n\t\t\t\t<img loading=\"lazy\" decoding=\"async\" src=\"https:\/\/anead.org.br\/congresso-das-associacoes-2024\/wp-content\/uploads\/2024\/10\/Ricardo-Savoldelli-150x150.png\" alt=\"Ricardo Savoldelli\" itemprop=\"image\" height=\"150\" width=\"150\" title=\"Ricardo Savoldelli\" onerror=\"this.style.display='none'\"  \/>\n\t<p><strong>Ricardo Savoldelli<\/strong><\/p>\n<p>M\u00e9dico Fisiatra; Coordenador Nacional de Reabilita\u00e7\u00e3o da Versania reabilita\u00e7\u00e3o e cuidados paliativos; Fisiatra respons\u00e1vel pelo Hospital S\u00e3o Luiz | Rede D&#8217;or S\u00e3o Caetano; Fisiatra respons\u00e1vel pela UTI Neurol\u00f3gica do Hospital Brasil | Rede D&#8217;or &#8211; Santo Andr\u00e9.<\/p>\n\t\t\t\t<img loading=\"lazy\" decoding=\"async\" src=\"https:\/\/anead.org.br\/congresso-das-associacoes-2024\/wp-content\/uploads\/2024\/11\/Sueli-N-Kaiser-150x150.png\" alt=\"Sueli N Kaiser\" itemprop=\"image\" height=\"150\" width=\"150\" title=\"Sueli N Kaiser\" onerror=\"this.style.display='none'\"  \/>\n\t<p><strong>Sueli Noronha Kaiser<\/strong><\/p>\nEnfermeira formada pela Pontif\u00edcia Universidade Cat\u00f3lica-RJ,<br \/>\ncom uma trajet\u00f3ria not\u00e1vel e inspiradora. Fundadora e atual Presidente do Conselho Consultivo do Grupo Cene, uma organiza\u00e7\u00e3o de destaque com 37 anos de exist\u00eancia. Reconhecida por sua lideran\u00e7a, recebeu, em nome do Grupo Cene, quatro Pr\u00eamios Wep&#8217;s da ONU por seu compromisso com a igualdade de g\u00eanero e valoriza\u00e7\u00e3o da mulher. \n<p>\u00a0<\/p>\n\t\t\t\t<img loading=\"lazy\" decoding=\"async\" src=\"https:\/\/anead.org.br\/congresso-das-associacoes-2024\/wp-content\/uploads\/2024\/11\/Thiago-Lopez-150x150.jpg\" alt=\"Thiago Lopez\" itemprop=\"image\" height=\"150\" width=\"150\" title=\"Thiago Lopez\" onerror=\"this.style.display='none'\"  \/>\n\t<p><strong>Thiago Lopes <\/strong><\/p>\n<p>Fisioterapeuta; P\u00f3s-graduado em fisioterapia cardiorrespirat\u00f3ria; FTR Servi\u00e7os em Sa\u00fade: S\u00f3cio fundador e respons\u00e1vel t\u00e9cnico; Diretor institucional ABRASFID.<\/p>\n\t\t\t<h2>\n\t\t\t\t\tPrograma\u00e7\u00e3o\n\t\t\t\t<\/h2>\n\t\t\t<p>Veja a nossa grade de programa\u00e7\u00e3o e grandes profissionais:<\/p>\n\t\t\t<a href=\"https:\/\/www.sympla.com.br\/congresso-integrado-de-atencao-domiciliar-e-transicao-de-cuidados__2647407\" target=\"_self\">\n\t\t\t\t\t\tINSCREVA-SE\n\t\t\t\t\t<\/a>\n\t\t\t<h2>\n\t\t\t\t\tPatrocinadores\n\t\t\t\t<\/h2>\n\t\t\t<h2>\n\t\t\t\t\tMASTER\n\t\t\t\t<\/h2>\n\t\t\t\t<img loading=\"lazy\" decoding=\"async\" src=\"https:\/\/anead.org.br\/congresso-das-associacoes-2024\/wp-content\/uploads\/2024\/10\/nestle-health-science.jpg\" alt=\"nestle-health-science\" itemprop=\"image\" height=\"200\" width=\"300\" title=\"nestle-health-science\" onerror=\"this.style.display='none'\"  \/>\n\t\t\t<h2>\n\t\t\t\t\tPatrocinadores\n\t\t\t\t<\/h2>\n\t\t\t\t<img loading=\"lazy\" decoding=\"async\" src=\"https:\/\/anead.org.br\/congresso-das-associacoes-2024\/wp-content\/uploads\/2024\/10\/Molnlycke-150x150.jpg\" alt=\"Molnlycke\" itemprop=\"image\" height=\"150\" width=\"150\" title=\"Molnlycke\" onerror=\"this.style.display='none'\"  \/>\n\t\t\t\t<img loading=\"lazy\" decoding=\"async\" src=\"https:\/\/anead.org.br\/congresso-das-associacoes-2024\/wp-content\/uploads\/2024\/10\/spincare-150x150.jpg\" alt=\"spincare\" itemprop=\"image\" height=\"150\" width=\"150\" title=\"spincare\" onerror=\"this.style.display='none'\"  \/>\n\n","protected":false},"excerpt":{"rendered":"<p>CONGRESSO DAS ASSOCIA\u00c7\u00d5ES DE ATEN\u00c7\u00c3O DOMICILIAR E TRANSI\u00c7\u00c3O DE CUIDADOS Tema Central: Integra\u00e7\u00e3o Essencial de Cuidados P\u00f3s-Alta: Aten\u00e7\u00e3o Domiciliar, Transi\u00e7\u00e3o de Cuidados e Assist\u00eancia Multidisciplinar INSCREVA-SE Data e Local 18 e 19 De Novembro De 2024 Dia 18 das 8h \u00e0s 19h20 Dia 19 das 8h \u00e0s 19h20 Hotel Renaissance Alameda Santos, 2233 Jardim Paulista, [&hellip;]<\/p>\n","protected":false},"author":1,"featured_media":0,"parent":0,"menu_order":0,"comment_status":"closed","ping_status":"closed","template":"","meta":{"site-sidebar-layout":"no-sidebar","site-content-layout":"page-builder","ast-site-content-layout":"full-width-container","site-content-style":"unboxed","site-sidebar-style":"unboxed","ast-global-header-display":"","ast-banner-title-visibility":"","ast-main-header-display":"","ast-hfb-above-header-display":"","ast-hfb-below-header-display":"","ast-hfb-mobile-header-display":"","site-post-title":"disabled","ast-breadcrumbs-content":"","ast-featured-img":"disabled","footer-sml-layout":"","theme-transparent-header-meta":"enabled","adv-header-id-meta":"","stick-header-meta":"","header-above-stick-meta":"","header-main-stick-meta":"","header-below-stick-meta":"","astra-migrate-meta-layouts":"set","ast-page-background-enabled":"default","ast-page-background-meta":{"desktop":{"background-color":"","background-image":"","background-repeat":"repeat","background-position":"center center","background-size":"auto","background-attachment":"scroll","background-type":"","background-media":"","overlay-type":"","overlay-color":"","overlay-opacity":"","overlay-gradient":""},"tablet":{"background-color":"","background-image":"","background-repeat":"repeat","background-position":"center center","background-size":"auto","background-attachment":"scroll","background-type":"","background-media":"","overlay-type":"","overlay-color":"","overlay-opacity":"","overlay-gradient":""},"mobile":{"background-color":"","background-image":"","background-repeat":"repeat","background-position":"center center","background-size":"auto","background-attachment":"scroll","background-type":"","background-media":"","overlay-type":"","overlay-color":"","overlay-opacity":"","overlay-gradient":""}},"ast-content-background-meta":{"desktop":{"background-color":"var(--ast-global-color-5)","background-image":"","background-repeat":"repeat","background-position":"center center","background-size":"auto","background-attachment":"scroll","background-type":"","background-media":"","overlay-type":"","overlay-color":"","overlay-opacity":"","overlay-gradient":""},"tablet":{"background-color":"var(--ast-global-color-5)","background-image":"","background-repeat":"repeat","background-position":"center center","background-size":"auto","background-attachment":"scroll","background-type":"","background-media":"","overlay-type":"","overlay-color":"","overlay-opacity":"","overlay-gradient":""},"mobile":{"background-color":"var(--ast-global-color-5)","background-image":"","background-repeat":"repeat","background-position":"center center","background-size":"auto","background-attachment":"scroll","background-type":"","background-media":"","overlay-type":"","overlay-color":"","overlay-opacity":"","overlay-gradient":""}},"_joinchat":[],"footnotes":""},"class_list":["post-1715","page","type-page","status-publish","hentry"],"_links":{"self":[{"href":"https:\/\/anead.org.br\/congresso-das-associacoes-2024\/wp-json\/wp\/v2\/pages\/1715","targetHints":{"allow":["GET"]}}],"collection":[{"href":"https:\/\/anead.org.br\/congresso-das-associacoes-2024\/wp-json\/wp\/v2\/pages"}],"about":[{"href":"https:\/\/anead.org.br\/congresso-das-associacoes-2024\/wp-json\/wp\/v2\/types\/page"}],"author":[{"embeddable":true,"href":"https:\/\/anead.org.br\/congresso-das-associacoes-2024\/wp-json\/wp\/v2\/users\/1"}],"replies":[{"embeddable":true,"href":"https:\/\/anead.org.br\/congresso-das-associacoes-2024\/wp-json\/wp\/v2\/comments?post=1715"}],"version-history":[{"count":101,"href":"https:\/\/anead.org.br\/congresso-das-associacoes-2024\/wp-json\/wp\/v2\/pages\/1715\/revisions"}],"predecessor-version":[{"id":1916,"href":"https:\/\/anead.org.br\/congresso-das-associacoes-2024\/wp-json\/wp\/v2\/pages\/1715\/revisions\/1916"}],"wp:attachment":[{"href":"https:\/\/anead.org.br\/congresso-das-associacoes-2024\/wp-json\/wp\/v2\/media?parent=1715"}],"curies":[{"name":"wp","href":"https:\/\/api.w.org\/{rel}","templated":true}]}}